{"id":27,"date":"2023-11-03T11:06:59","date_gmt":"2023-11-03T11:06:59","guid":{"rendered":"https:\/\/www.classicsmorell.cat\/?page_id=27"},"modified":"2025-07-31T06:56:17","modified_gmt":"2025-07-31T06:56:17","slug":"sobre-classics-morell","status":"publish","type":"page","link":"https:\/\/www.classicsmorell.cat\/index.php\/sobre-classics-morell\/","title":{"rendered":"Sobre Cl\u00e0ssics Morell"},"content":{"rendered":"\n<h2 class=\"wp-block-heading\"><span><i class=\"fas fa-arrow-right\"><\/i><\/span>Una mica d&#8217;hist\u00f2ria del club <\/h2>\n\n\n\n<p>Cl\u00e0ssics Morell neix de la passi\u00f3 compartida per la mec\u00e0nica, la nost\u00e0lgia i la bellesa dels vehicles cl\u00e0ssics. Fundat al municipi del Morell (Tarragon\u00e8s), el club reuneix amants de cotxes i motos amb m\u00e9s de 30 anys , amb objectiu de preservar i promoure aquest patrimoni sobre rodes.<\/p>\n\n\n\n<p>Des dels seus inicis, el club ha anat creixent any rere any, sumant socis, simpatitzants i vehicles de tota mena. Amb una clara vocaci\u00f3 social i cultural, Cl\u00e0ssics Morell no \u00e9s nom\u00e9s un espai per a col\u00b7leccionistes, sin\u00f3 una gran fam\u00edlia oberta a tothom qui comparteixi la il\u00b7lusi\u00f3 pel motor cl\u00e0ssic.<\/p>\n\n\n\n<p>Organitzem trobades peri\u00f2diques, com les tradicionals trobades populars a la Rambla del Morell, on desenes de vehicles omplen els carrers del poble en un ambient festiu i familiar i es comparteixen esmorzars i dinars de germanor. Tamb\u00e9 impulsem sortides exclusives per a socis on es realitzen visites culturals i gastron\u00f2miques, creant espais de conviv\u00e8ncia entre generacions i afici\u00f3 al mon del motor.<\/p>\n\n\n\n<p>Amb el pas del temps, Cl\u00e0ssics Morell s\u2019ha consolidat com un referent dins el panorama de vehicles cl\u00e0ssics del Camp de Tarragona i m\u00e9s enll\u00e0, mantenint viu l\u2019esperit d\u2019un motor que mai no s\u2019atura: el de la passi\u00f3, la mem\u00f2ria i l\u2019amistat.<\/p>\n\n\n\n<p><\/p>\n","protected":false},"excerpt":{"rendered":"<p>Una mica d&#8217;hist\u00f2ria del club Cl\u00e0ssics Morell neix de la passi\u00f3 compartida per la mec\u00e0nica,&#8230;<\/p>\n","protected":false},"author":3,"featured_media":37,"parent":0,"menu_order":0,"comment_status":"closed","ping_status":"closed","template":"","meta":{"footnotes":""},"class_list":["post-27","page","type-page","status-publish","has-post-thumbnail","hentry"],"_links":{"self":[{"href":"https:\/\/www.classicsmorell.cat\/index.php\/wp-json\/wp\/v2\/pages\/27","targetHints":{"allow":["GET"]}}],"collection":[{"href":"https:\/\/www.classicsmorell.cat\/index.php\/wp-json\/wp\/v2\/pages"}],"about":[{"href":"https:\/\/www.classicsmorell.cat\/index.php\/wp-json\/wp\/v2\/types\/page"}],"author":[{"embeddable":true,"href":"https:\/\/www.classicsmorell.cat\/index.php\/wp-json\/wp\/v2\/users\/3"}],"replies":[{"embeddable":true,"href":"https:\/\/www.classicsmorell.cat\/index.php\/wp-json\/wp\/v2\/comments?post=27"}],"version-history":[{"count":6,"href":"https:\/\/www.classicsmorell.cat\/index.php\/wp-json\/wp\/v2\/pages\/27\/revisions"}],"predecessor-version":[{"id":1661,"href":"https:\/\/www.classicsmorell.cat\/index.php\/wp-json\/wp\/v2\/pages\/27\/revisions\/1661"}],"wp:featuredmedia":[{"embeddable":true,"href":"https:\/\/www.classicsmorell.cat\/index.php\/wp-json\/wp\/v2\/media\/37"}],"wp:attachment":[{"href":"https:\/\/www.classicsmorell.cat\/index.php\/wp-json\/wp\/v2\/media?parent=27"}],"curies":[{"name":"wp","href":"https:\/\/api.w.org\/{rel}","templated":true}]}}