{"id":33,"date":"2023-11-03T17:03:14","date_gmt":"2023-11-03T17:03:14","guid":{"rendered":"https:\/\/www.classicsmorell.cat\/?page_id=33"},"modified":"2025-03-12T18:42:28","modified_gmt":"2025-03-12T18:42:28","slug":"esdeveniments-de-classics","status":"publish","type":"page","link":"https:\/\/www.classicsmorell.cat\/index.php\/esdeveniments-de-classics\/","title":{"rendered":"Els nostres esdeveniments"},"content":{"rendered":"\n<div style=\"margin:20px 0px 30px 0px;\"><h1 class=\"wp-block-heading\">Llistat d&#8217;esdeveniments &#8211; 2025<\/h1><hr><\/div>\n\n\n\n<div class=\"wp-block-query is-layout-flow wp-block-query-is-layout-flow\"><ul class=\"has-link-color columns-3 wp-elements-339b94e99734cdcf2d0b4eabf44627d9 wp-block-post-template has-text-color has-black-color is-layout-grid wp-container-core-post-template-is-layout-2fc57c17 wp-block-post-template-is-layout-grid\"><li class=\"wp-block-post post-1575 post type-post status-publish format-standard has-post-thumbnail hentry category-11 category-sin-categoria\">\n\n<div class=\"wp-block-group wp-elements-339b94e99734cdcf2d0b4eabf44627d9\" style=\"padding-top:30px;padding-right:30px;padding-bottom:30px;padding-left:30px\"><div class=\"wp-block-group__inner-container is-layout-flow wp-block-group-is-layout-flow\"><h2 class=\"wp-block-post-title\">Sortida de Cl\u00e0ssics Morell a Sant Sadurn\u00ed d&#8217;Anoia<font _mstmutation=\"1\"><\/font><\/h2>\n\n<div class=\"wp-block-post-excerpt\"><p class=\"wp-block-post-excerpt__excerpt\">\ud83d\ude97 Sortida de Cl\u00e0ssics Morell a Sant Sadurn\u00ed d\u2019Anoia \ud83c\udf47\ud83c\udf7e Aquest cap de setmana hem<\/p><p class=\"wp-block-post-excerpt__more-text\"><a class=\"wp-block-post-excerpt__more-link\" href=\"https:\/\/www.classicsmorell.cat\/index.php\/2025\/06\/07\/1575\/\">Llegir m\u00e9s&#8230;<\/a><\/p><\/div><\/div><\/div>\n\n<\/li><li class=\"wp-block-post post-1540 post type-post status-publish format-standard has-post-thumbnail hentry category-11 category-sin-categoria\">\n\n<div class=\"wp-block-group wp-elements-339b94e99734cdcf2d0b4eabf44627d9\" style=\"padding-top:30px;padding-right:30px;padding-bottom:30px;padding-left:30px\"><div class=\"wp-block-group__inner-container is-layout-flow wp-block-group-is-layout-flow\"><h2 class=\"wp-block-post-title\"><font _mstmutation=\"1\" _msttexthash=\"700947\" _msthash=\"597\">5a edici\u00f3 Terrafira del Morell<\/font><font _mstmutation=\"1\"><\/font><\/h2>\n\n<div class=\"wp-block-post-excerpt\"><p class=\"wp-block-post-excerpt__excerpt\">Viu la 5a edici\u00f3 de la Terrafira del Morell com mai abans! Si ets apassionat<\/p><p class=\"wp-block-post-excerpt__more-text\"><a class=\"wp-block-post-excerpt__more-link\" href=\"https:\/\/www.classicsmorell.cat\/index.php\/2025\/04\/22\/1540\/\">Llegir m\u00e9s&#8230;<\/a><\/p><\/div><\/div><\/div>\n\n<\/li><li class=\"wp-block-post post-1404 post type-post status-publish format-standard has-post-thumbnail hentry category-11\">\n\n<div class=\"wp-block-group wp-elements-339b94e99734cdcf2d0b4eabf44627d9\" style=\"padding-top:30px;padding-right:30px;padding-bottom:30px;padding-left:30px\"><div class=\"wp-block-group__inner-container is-layout-flow wp-block-group-is-layout-flow\"><h2 class=\"wp-block-post-title\">Cal\u00e7otada 2025<\/h2>\n\n<div class=\"wp-block-post-excerpt\"><p class=\"wp-block-post-excerpt__excerpt\">Primera trobada de l&#8217;any, Cal\u00e7otada Cl\u00e0ssics Morell No hi ha millor manera de comen\u00e7ar l&#8217;any<\/p><p class=\"wp-block-post-excerpt__more-text\"><a class=\"wp-block-post-excerpt__more-link\" href=\"https:\/\/www.classicsmorell.cat\/index.php\/2025\/03\/12\/calcotada-2025\/\">Llegir m\u00e9s&#8230;<\/a><\/p><\/div><\/div><\/div>\n\n<\/li><\/ul><\/div>\n\n\n\n<div style=\"margin:20px 0px 30px 0px;\"><h1 class=\"wp-block-heading\">Llistat d&#8217;esdeveniments &#8211; 2024<\/h1><hr><\/div>\n\n\n\n<div class=\"wp-block-query is-layout-flow wp-block-query-is-layout-flow\"><ul class=\"has-link-color columns-3 wp-elements-339b94e99734cdcf2d0b4eabf44627d9 wp-block-post-template has-text-color has-black-color is-layout-grid wp-container-core-post-template-is-layout-2fc57c17 wp-block-post-template-is-layout-grid\"><li class=\"wp-block-post post-1347 post type-post status-publish format-standard has-post-thumbnail hentry category-8 category-event-2024\">\n\n<div class=\"wp-block-group wp-elements-339b94e99734cdcf2d0b4eabf44627d9\" style=\"padding-top:30px;padding-right:30px;padding-bottom:30px;padding-left:30px\"><div class=\"wp-block-group__inner-container is-layout-flow wp-block-group-is-layout-flow\"><h2 class=\"wp-block-post-title\">Dinar de Nadal 2024, Un gran record per a tots!!!<\/h2>\n\n<div class=\"wp-block-post-excerpt\"><p class=\"wp-block-post-excerpt__excerpt\">Cloenda de la temporada 2024 de Cl\u00e0ssics Morell visitant el celler Rend\u00e9 Masdeu i un<\/p><p class=\"wp-block-post-excerpt__more-text\"><a class=\"wp-block-post-excerpt__more-link\" href=\"https:\/\/www.classicsmorell.cat\/index.php\/2024\/12\/20\/dinar-de-nadal-2024-un-gran-record-per-a-tots\/\">Llegir m\u00e9s&#8230;<\/a><\/p><\/div><\/div><\/div>\n\n<\/li><li class=\"wp-block-post post-1320 post type-post status-publish format-standard has-post-thumbnail hentry category-8 category-event-2024\">\n\n<div class=\"wp-block-group wp-elements-339b94e99734cdcf2d0b4eabf44627d9\" style=\"padding-top:30px;padding-right:30px;padding-bottom:30px;padding-left:30px\"><div class=\"wp-block-group__inner-container is-layout-flow wp-block-group-is-layout-flow\"><h2 class=\"wp-block-post-title\">Gr\u00e0cies soci\/a per assistir a la fira de Nadal 2024!!!<\/h2>\n\n<div class=\"wp-block-post-excerpt\"><p class=\"wp-block-post-excerpt__excerpt\">Gr\u00e0cies un cop m\u00e9s, a tots els socis\/es que vau assistir aquest passat diumenge dia<\/p><p class=\"wp-block-post-excerpt__more-text\"><a class=\"wp-block-post-excerpt__more-link\" href=\"https:\/\/www.classicsmorell.cat\/index.php\/2024\/12\/03\/gracies-soci-a-per-assistir-a-la-fira-de-nadal\/\">Llegir m\u00e9s&#8230;<\/a><\/p><\/div><\/div><\/div>\n\n<\/li><li class=\"wp-block-post post-1302 post type-post status-publish format-standard has-post-thumbnail hentry category-8 category-event-2024\">\n\n<div class=\"wp-block-group wp-elements-339b94e99734cdcf2d0b4eabf44627d9\" style=\"padding-top:30px;padding-right:30px;padding-bottom:30px;padding-left:30px\"><div class=\"wp-block-group__inner-container is-layout-flow wp-block-group-is-layout-flow\"><h2 class=\"wp-block-post-title\">Concentraci\u00f3 de cl\u00e0ssics per la Fira de Nadal del Morell 2024<\/h2>\n\n<div class=\"wp-block-post-excerpt\"><p class=\"wp-block-post-excerpt__excerpt\">Un altre any, en motiu de la fira de Nadal del Morell, Cl\u00e0ssics Morell celebrar\u00e0<\/p><p class=\"wp-block-post-excerpt__more-text\"><a class=\"wp-block-post-excerpt__more-link\" href=\"https:\/\/www.classicsmorell.cat\/index.php\/2024\/11\/25\/concentracio-de-classics-per-la-fira-de-nadal-del-morell-2024\/\">Llegir m\u00e9s&#8230;<\/a><\/p><\/div><\/div><\/div>\n\n<\/li><li class=\"wp-block-post post-1276 post type-post status-publish format-standard has-post-thumbnail hentry category-8 category-event-2024\">\n\n<div class=\"wp-block-group wp-elements-339b94e99734cdcf2d0b4eabf44627d9\" style=\"padding-top:30px;padding-right:30px;padding-bottom:30px;padding-left:30px\"><div class=\"wp-block-group__inner-container is-layout-flow wp-block-group-is-layout-flow\"><h2 class=\"wp-block-post-title\">Ple absolut del vehicle cl\u00e0ssic a la Festa Major de Sant Mart\u00ed del Morell<\/h2>\n\n<div class=\"wp-block-post-excerpt\"><p class=\"wp-block-post-excerpt__excerpt\">En el marc de la celebraci\u00f3 dels actes de les Festa Major de Sant Mart\u00ed,<\/p><p class=\"wp-block-post-excerpt__more-text\"><a class=\"wp-block-post-excerpt__more-link\" href=\"https:\/\/www.classicsmorell.cat\/index.php\/2024\/11\/11\/ple-absolut-del-vehicle-classic-al-morell\/\">Llegir m\u00e9s&#8230;<\/a><\/p><\/div><\/div><\/div>\n\n<\/li><li class=\"wp-block-post post-1247 post type-post status-publish format-standard has-post-thumbnail hentry category-8 category-event-2024\">\n\n<div class=\"wp-block-group wp-elements-339b94e99734cdcf2d0b4eabf44627d9\" style=\"padding-top:30px;padding-right:30px;padding-bottom:30px;padding-left:30px\"><div class=\"wp-block-group__inner-container is-layout-flow wp-block-group-is-layout-flow\"><h2 class=\"wp-block-post-title\">Celebraci\u00f3 del dinar de Nadal 2024 de Cl\u00e0ssics Morell<\/h2>\n\n<div class=\"wp-block-post-excerpt\"><p class=\"wp-block-post-excerpt__excerpt\">15 de desembre del 2024 &#8211; Visita al Celler Ren\u00e9 Masdeu + Dinar al mateix<\/p><p class=\"wp-block-post-excerpt__more-text\"><a class=\"wp-block-post-excerpt__more-link\" href=\"https:\/\/www.classicsmorell.cat\/index.php\/2024\/10\/11\/dinar-de-nadal-2024\/\">Llegir m\u00e9s&#8230;<\/a><\/p><\/div><\/div><\/div>\n\n<\/li><li class=\"wp-block-post post-1225 post type-post status-publish format-standard has-post-thumbnail hentry category-8 category-event-2024\">\n\n<div class=\"wp-block-group wp-elements-339b94e99734cdcf2d0b4eabf44627d9\" style=\"padding-top:30px;padding-right:30px;padding-bottom:30px;padding-left:30px\"><div class=\"wp-block-group__inner-container is-layout-flow wp-block-group-is-layout-flow\"><h2 class=\"wp-block-post-title\">M\u00e0xima representaci\u00f3 del vehicle cl\u00e0ssic en la concentraci\u00f3 de vehicles + mercat de recanvis i segona m\u00e0<\/h2>\n\n<div class=\"wp-block-post-excerpt\"><p class=\"wp-block-post-excerpt__excerpt\">Aquest dissabte 20 de juliol Cl\u00e0ssics Morell ha organitzat una jornada excepcional on el vehicle<\/p><p class=\"wp-block-post-excerpt__more-text\"><a class=\"wp-block-post-excerpt__more-link\" href=\"https:\/\/www.classicsmorell.cat\/index.php\/2024\/10\/03\/maxima-representacio-del-vehicle-classic-en-la-concentracio-de-vehicles-mercat-de-recanvis-i-segona-ma\/\">Llegir m\u00e9s&#8230;<\/a><\/p><\/div><\/div><\/div>\n\n<\/li><\/ul><\/div>\n\n\n\n<div style=\"margin:20px 0px 30px 0px;\"><h1 class=\"wp-block-heading\">Llistat d&#8217;esdeveniments &#8211; 2023<\/h1><hr><\/div>\n\n\n\n<div class=\"wp-block-query is-layout-flow wp-block-query-is-layout-flow\"><ul class=\"columns-3 wp-block-post-template is-layout-grid wp-container-core-post-template-is-layout-2fc57c17 wp-block-post-template-is-layout-grid\"><li class=\"wp-block-post post-473 post type-post status-publish format-standard has-post-thumbnail hentry category-4 category-event\">\n<h2 class=\"wp-block-post-title\">Dinar de fi temporada 2023 de Cl\u00e0ssics Morell<\/h2>\n\n<div class=\"wp-block-post-date\"><time datetime=\"2023-12-03T12:05:55+00:00\">3 de December de 2023<\/time><\/div>\n\n<div class=\"wp-block-post-excerpt\"><p class=\"wp-block-post-excerpt__excerpt\">Dinar de germanor de Cl\u00e0ssics Morell 2023 Estem arribant a finals d&#8217;any i toca fer<\/p><p class=\"wp-block-post-excerpt__more-text\"><a class=\"wp-block-post-excerpt__more-link\" href=\"https:\/\/www.classicsmorell.cat\/index.php\/2023\/12\/03\/dinar-de-fi-temporada-2023\/\">Llegir m\u00e9s&#8230;<\/a><\/p><\/div>\n<\/li><li class=\"wp-block-post post-442 post type-post status-publish format-standard has-post-thumbnail hentry category-4 category-event\">\n<h2 class=\"wp-block-post-title\">Concentraci\u00f3 de cl\u00e0ssics per la Fira de Nadal del Morell<\/h2>\n\n<div class=\"wp-block-post-date\"><time datetime=\"2023-11-26T17:54:16+00:00\">26 de November de 2023<\/time><\/div>\n\n<div class=\"wp-block-post-excerpt\"><p class=\"wp-block-post-excerpt__excerpt\">Concentraci\u00f3 de cl\u00e0ssics per la Fira de Nadal del Morell 2023 Aquest cap de setmana<\/p><p class=\"wp-block-post-excerpt__more-text\"><a class=\"wp-block-post-excerpt__more-link\" href=\"https:\/\/www.classicsmorell.cat\/index.php\/2023\/11\/26\/concentracio-fira-de-nadal-del-morell\/\">Llegir m\u00e9s&#8230;<\/a><\/p><\/div>\n<\/li><li class=\"wp-block-post post-46 post type-post status-publish format-standard has-post-thumbnail hentry category-4 category-event\">\n<h2 class=\"wp-block-post-title\">Trobada de vehicles cl\u00e0ssics. Festa Major d&#8217;hivern<\/h2>\n\n<div class=\"wp-block-post-date\"><time datetime=\"2023-11-03T17:19:16+00:00\">3 de November de 2023<\/time><\/div>\n\n<div class=\"wp-block-post-excerpt\"><p class=\"wp-block-post-excerpt__excerpt\">Concentraci\u00f3 de vehicles cl\u00e0ssics. Festa Major d\u2019hivern Cl\u00e0ssics Morell organitza, el dia 11 de novembre,<\/p><p class=\"wp-block-post-excerpt__more-text\"><a class=\"wp-block-post-excerpt__more-link\" href=\"https:\/\/www.classicsmorell.cat\/index.php\/2023\/11\/03\/trobada-de-vehicles-classics-festa-major-dhivern\/\">Llegir m\u00e9s&#8230;<\/a><\/p><\/div>\n<\/li><li class=\"wp-block-post post-56 post type-post status-publish format-standard has-post-thumbnail hentry category-4 category-event\">\n<h2 class=\"wp-block-post-title\">Trobada de vehicles cl\u00e0ssics. Dissabte 29 de juliol de 2023<\/h2>\n\n<div class=\"wp-block-post-date\"><time datetime=\"2023-07-18T17:30:15+00:00\">18 de July de 2023<\/time><\/div>\n\n<div class=\"wp-block-post-excerpt\"><p class=\"wp-block-post-excerpt__excerpt\">Associaci\u00f3 Cl\u00e0ssics Morell organitza, el dia 29 de juliol del 2023, una trobada de vehicles<\/p><p class=\"wp-block-post-excerpt__more-text\"><a class=\"wp-block-post-excerpt__more-link\" href=\"https:\/\/www.classicsmorell.cat\/index.php\/2023\/07\/18\/trobada-de-vehicles-classics-dissabte-29-de-juliol-de-2023\/\">Llegir m\u00e9s&#8230;<\/a><\/p><\/div>\n<\/li><\/ul><\/div>\n","protected":false},"excerpt":{"rendered":"<p>Llistat d&#8217;esdeveniments &#8211; 2025 Llistat d&#8217;esdeveniments &#8211; 2024 Llistat d&#8217;esdeveniments &#8211; 2023<\/p>\n","protected":false},"author":3,"featured_media":17,"parent":0,"menu_order":0,"comment_status":"closed","ping_status":"closed","template":"","meta":{"footnotes":""},"class_list":["post-33","page","type-page","status-publish","has-post-thumbnail","hentry"],"_links":{"self":[{"href":"https:\/\/www.classicsmorell.cat\/index.php\/wp-json\/wp\/v2\/pages\/33","targetHints":{"allow":["GET"]}}],"collection":[{"href":"https:\/\/www.classicsmorell.cat\/index.php\/wp-json\/wp\/v2\/pages"}],"about":[{"href":"https:\/\/www.classicsmorell.cat\/index.php\/wp-json\/wp\/v2\/types\/page"}],"author":[{"embeddable":true,"href":"https:\/\/www.classicsmorell.cat\/index.php\/wp-json\/wp\/v2\/users\/3"}],"replies":[{"embeddable":true,"href":"https:\/\/www.classicsmorell.cat\/index.php\/wp-json\/wp\/v2\/comments?post=33"}],"version-history":[{"count":50,"href":"https:\/\/www.classicsmorell.cat\/index.php\/wp-json\/wp\/v2\/pages\/33\/revisions"}],"predecessor-version":[{"id":1410,"href":"https:\/\/www.classicsmorell.cat\/index.php\/wp-json\/wp\/v2\/pages\/33\/revisions\/1410"}],"wp:featuredmedia":[{"embeddable":true,"href":"https:\/\/www.classicsmorell.cat\/index.php\/wp-json\/wp\/v2\/media\/17"}],"wp:attachment":[{"href":"https:\/\/www.classicsmorell.cat\/index.php\/wp-json\/wp\/v2\/media?parent=33"}],"curies":[{"name":"wp","href":"https:\/\/api.w.org\/{rel}","templated":true}]}}